{"id":211,"date":"2025-06-04T16:10:34","date_gmt":"2025-06-04T16:10:34","guid":{"rendered":"https:\/\/nadine-matthies.de\/?page_id=211"},"modified":"2025-07-09T20:13:38","modified_gmt":"2025-07-09T20:13:38","slug":"impressum","status":"publish","type":"page","link":"https:\/\/nadine-matthies.de\/index.php\/impressum\/","title":{"rendered":"Impressum"},"content":{"rendered":"\t\t<div data-elementor-type=\"wp-page\" data-elementor-id=\"211\" class=\"elementor elementor-211\" data-elementor-post-type=\"page\">\n\t\t\t\t<div class=\"elementor-element elementor-element-a748572 e-flex e-con-boxed e-con e-parent\" data-id=\"a748572\" data-element_type=\"container\">\n\t\t\t\t\t<div class=\"e-con-inner\">\n\t\t\t\t<div class=\"elementor-element elementor-element-4c5059b elementor-widget elementor-widget-heading\" data-id=\"4c5059b\" data-element_type=\"widget\" data-widget_type=\"heading.default\">\n\t\t\t\t<div class=\"elementor-widget-container\">\n\t\t\t\t\t<h2 class=\"elementor-heading-title elementor-size-default\">.<\/h2>\t\t\t\t<\/div>\n\t\t\t\t<\/div>\n\t\t\t\t<div class=\"elementor-element elementor-element-f7b907d elementor-invisible elementor-widget elementor-widget-image\" data-id=\"f7b907d\" data-element_type=\"widget\" data-settings=\"{&quot;_animation&quot;:&quot;fadeIn&quot;,&quot;_animation_delay&quot;:300}\" data-widget_type=\"image.default\">\n\t\t\t\t<div class=\"elementor-widget-container\">\n\t\t\t\t\t\t\t\t\t\t\t\t\t\t\t\t<a href=\"https:\/\/nadine-matthies.de\">\n\t\t\t\t\t\t\t<img fetchpriority=\"high\" decoding=\"async\" width=\"515\" height=\"454\" src=\"https:\/\/nadine-matthies.de\/wp-content\/uploads\/2025\/06\/Logo-Nadine-Matthies-Final_anthrazit-HG-weiss.svg\" class=\"attachment-large size-large wp-image-41\" alt=\"\" \/>\t\t\t\t\t\t\t\t<\/a>\n\t\t\t\t\t\t\t\t\t\t\t\t\t\t\t<\/div>\n\t\t\t\t<\/div>\n\t\t\t\t<div class=\"elementor-element elementor-element-c9f6b24 elementor-invisible elementor-widget elementor-widget-heading\" data-id=\"c9f6b24\" data-element_type=\"widget\" data-settings=\"{&quot;_animation&quot;:&quot;fadeIn&quot;,&quot;_animation_delay&quot;:500}\" data-widget_type=\"heading.default\">\n\t\t\t\t<div class=\"elementor-widget-container\">\n\t\t\t\t\t<h1 class=\"elementor-heading-title elementor-size-default\">Impressum<\/h1>\t\t\t\t<\/div>\n\t\t\t\t<\/div>\n\t\t\t\t\t<\/div>\n\t\t\t\t<\/div>\n\t\t<div class=\"elementor-element elementor-element-43352c4 e-flex e-con-boxed e-con e-parent\" data-id=\"43352c4\" data-element_type=\"container\">\n\t\t\t\t\t<div class=\"e-con-inner\">\n\t\t<div class=\"elementor-element elementor-element-81bbb94 e-con-full e-flex e-con e-child\" data-id=\"81bbb94\" data-element_type=\"container\">\n\t\t\t\t<div class=\"elementor-element elementor-element-1858eac elementor-invisible elementor-widget elementor-widget-text-editor\" data-id=\"1858eac\" data-element_type=\"widget\" data-settings=\"{&quot;_animation&quot;:&quot;fadeIn&quot;,&quot;_animation_delay&quot;:1200}\" data-widget_type=\"text-editor.default\">\n\t\t\t\t<div class=\"elementor-widget-container\">\n\t\t\t\t\t\t\t\t\t<h4 id=\"m46\">Diensteanbieter<\/h4><p>Angaben gem\u00e4\u00df \u00a75 TMG<\/p><p>Nadine Matthies Coaching<\/p><p>Tankenrainer Str. 49a<\/p><p>82362 Weilheim in Oberbayern<\/p><p>Deutschland<\/p><p>USt-IdNr: DE326165273<\/p><p>Steuernummer: 168\/248\/40540<\/p><h4 id=\"m56\">Kontaktm\u00f6glichkeiten<\/h4><p>E-Mail-Adresse: coaching@nadine-matthies.de<\/p><p>Telefon: 015156371749<\/p><p>Kontaktformular: <a href=\"https:\/\/nadine-matthies.de\/index.php\/kontakt\/\" target=\"_blank\" rel=\"noopener\">https:\/\/nadine-matthies.de\/index.php\/kontakt\/<\/a><\/p><h4 id=\"m172\">Social Media und andere Onlinepr\u00e4senzen<\/h4><p>Dieses Impressum gilt auch f\u00fcr die folgenden Social-Media-Pr\u00e4senzen und Onlineprofile:<\/p><p><a href=\"https:\/\/www.instagram.com\/nadinematthies.coaching\/\" target=\"_blank\" rel=\"noopener\">https:\/\/www.instagram.com\/nadinematthies.coaching\/<\/a><\/p><p><a href=\"https:\/\/www.linkedin.com\/in\/nadine-matthies-165a7bb3\/\">https:\/\/www.linkedin.com\/in\/nadine-matthies-165a7bb3\/<\/a><\/p><p><a href=\"https:\/\/www.facebook.com\/profile.php?id=100039815482441\">https:\/\/www.facebook.com\/profile.php?id=100039815482441<\/a><\/p><h4>Layout \/ Design \/ Umsetzung<\/h4><p><a href=\"https:\/\/vierzwo.de\/\" target=\"_blank\" rel=\"noopener\">https:\/\/vierzwo.de\/<\/a><\/p><h4 id=\"m169\">Bildnachweise<\/h4><p>Bildquellen und Urheberrechtshinweise:<\/p><p>Fotos:<\/p><p><a href=\"https:\/\/theresa-link.de\/\" target=\"_blank\" rel=\"noopener\">https:\/\/theresa-link.de\/<\/a><\/p><p><a href=\"https:\/\/unsplash.com\/de\" target=\"_blank\" rel=\"noopener\">https:\/\/unsplash.com\/de<\/a><\/p><p class=\"seal\"><a title=\"Rechtstext von Dr. Schwenke - f\u00fcr weitere Informationen bitte anklicken.\" href=\"https:\/\/datenschutz-generator.de\/\" target=\"_blank\" rel=\"noopener noreferrer nofollow\">Erstellt mit kostenlosem Datenschutz-Generator.de von Dr. Thomas Schwenke<\/a><\/p>\t\t\t\t\t\t\t\t<\/div>\n\t\t\t\t<\/div>\n\t\t\t\t<\/div>\n\t\t\t\t\t<\/div>\n\t\t\t\t<\/div>\n\t\t\t\t<\/div>\n\t\t","protected":false},"excerpt":{"rendered":"<p>. Impressum Diensteanbieter Angaben gem\u00e4\u00df \u00a75 TMG Nadine Matthies Coaching Tankenrainer Str. 49a 82362 Weilheim in Oberbayern Deutschland USt-IdNr: DE326165273 Steuernummer: 168\/248\/40540 Kontaktm\u00f6glichkeiten E-Mail-Adresse: coaching@nadine-matthies.de Telefon: 015156371749 Kontaktformular: https:\/\/nadine-matthies.de\/index.php\/kontakt\/ Social Media und andere Onlinepr\u00e4senzen Dieses Impressum gilt auch f\u00fcr die folgenden Social-Media-Pr\u00e4senzen und Onlineprofile: https:\/\/www.instagram.com\/nadinematthies.coaching\/ https:\/\/www.linkedin.com\/in\/nadine-matthies-165a7bb3\/ https:\/\/www.facebook.com\/profile.php?id=100039815482441 Layout \/ Design \/ Umsetzung https:\/\/vierzwo.de\/ Bildnachweise Bildquellen [&hellip;]<\/p>\n","protected":false},"author":1,"featured_media":0,"parent":0,"menu_order":0,"comment_status":"closed","ping_status":"closed","template":"","meta":{"footnotes":""},"class_list":["post-211","page","type-page","status-publish","hentry"],"yoast_head":"<!-- This site is optimized with the Yoast SEO plugin v25.7 - https:\/\/yoast.com\/wordpress\/plugins\/seo\/ -->\n<title>Impressum - Nadine Matthies Coaching<\/title>\n<meta name=\"robots\" content=\"index, follow, max-snippet:-1, max-image-preview:large, max-video-preview:-1\" \/>\n<link rel=\"canonical\" href=\"https:\/\/nadine-matthies.de\/index.php\/impressum\/\" \/>\n<meta property=\"og:locale\" content=\"de_DE\" \/>\n<meta property=\"og:type\" content=\"article\" \/>\n<meta property=\"og:title\" content=\"Impressum - Nadine Matthies Coaching\" \/>\n<meta property=\"og:description\" content=\". Impressum Diensteanbieter Angaben gem\u00e4\u00df \u00a75 TMG Nadine Matthies Coaching Tankenrainer Str. 49a 82362 Weilheim in Oberbayern Deutschland USt-IdNr: DE326165273 Steuernummer: 168\/248\/40540 Kontaktm\u00f6glichkeiten E-Mail-Adresse: coaching@nadine-matthies.de Telefon: 015156371749 Kontaktformular: https:\/\/nadine-matthies.de\/index.php\/kontakt\/ Social Media und andere Onlinepr\u00e4senzen Dieses Impressum gilt auch f\u00fcr die folgenden Social-Media-Pr\u00e4senzen und Onlineprofile: https:\/\/www.instagram.com\/nadinematthies.coaching\/ https:\/\/www.linkedin.com\/in\/nadine-matthies-165a7bb3\/ https:\/\/www.facebook.com\/profile.php?id=100039815482441 Layout \/ Design \/ Umsetzung https:\/\/vierzwo.de\/ Bildnachweise Bildquellen [&hellip;]\" \/>\n<meta property=\"og:url\" content=\"https:\/\/nadine-matthies.de\/index.php\/impressum\/\" \/>\n<meta property=\"og:site_name\" content=\"Nadine Matthies Coaching\" \/>\n<meta property=\"article:modified_time\" content=\"2025-07-09T20:13:38+00:00\" \/>\n<meta property=\"og:image\" content=\"https:\/\/nadine-matthies.de\/wp-content\/uploads\/2025\/06\/Logo-Nadine-Matthies-Final_anthrazit-HG-weiss.svg\" \/>\n<meta name=\"twitter:card\" content=\"summary_large_image\" \/>\n<meta name=\"twitter:label1\" content=\"Gesch\u00e4tzte Lesezeit\" \/>\n\t<meta name=\"twitter:data1\" content=\"1\u00a0Minute\" \/>\n<script type=\"application\/ld+json\" class=\"yoast-schema-graph\">{\"@context\":\"https:\/\/schema.org\",\"@graph\":[{\"@type\":\"WebPage\",\"@id\":\"https:\/\/nadine-matthies.de\/index.php\/impressum\/\",\"url\":\"https:\/\/nadine-matthies.de\/index.php\/impressum\/\",\"name\":\"Impressum - Nadine Matthies Coaching\",\"isPartOf\":{\"@id\":\"https:\/\/nadine-matthies.de\/#website\"},\"primaryImageOfPage\":{\"@id\":\"https:\/\/nadine-matthies.de\/index.php\/impressum\/#primaryimage\"},\"image\":{\"@id\":\"https:\/\/nadine-matthies.de\/index.php\/impressum\/#primaryimage\"},\"thumbnailUrl\":\"https:\/\/nadine-matthies.de\/wp-content\/uploads\/2025\/06\/Logo-Nadine-Matthies-Final_anthrazit-HG-weiss.svg\",\"datePublished\":\"2025-06-04T16:10:34+00:00\",\"dateModified\":\"2025-07-09T20:13:38+00:00\",\"breadcrumb\":{\"@id\":\"https:\/\/nadine-matthies.de\/index.php\/impressum\/#breadcrumb\"},\"inLanguage\":\"de\",\"potentialAction\":[{\"@type\":\"ReadAction\",\"target\":[\"https:\/\/nadine-matthies.de\/index.php\/impressum\/\"]}]},{\"@type\":\"ImageObject\",\"inLanguage\":\"de\",\"@id\":\"https:\/\/nadine-matthies.de\/index.php\/impressum\/#primaryimage\",\"url\":\"https:\/\/nadine-matthies.de\/wp-content\/uploads\/2025\/06\/Logo-Nadine-Matthies-Final_anthrazit-HG-weiss.svg\",\"contentUrl\":\"https:\/\/nadine-matthies.de\/wp-content\/uploads\/2025\/06\/Logo-Nadine-Matthies-Final_anthrazit-HG-weiss.svg\",\"width\":515,\"height\":454},{\"@type\":\"BreadcrumbList\",\"@id\":\"https:\/\/nadine-matthies.de\/index.php\/impressum\/#breadcrumb\",\"itemListElement\":[{\"@type\":\"ListItem\",\"position\":1,\"name\":\"Startseite\",\"item\":\"https:\/\/nadine-matthies.de\/\"},{\"@type\":\"ListItem\",\"position\":2,\"name\":\"Impressum\"}]},{\"@type\":\"WebSite\",\"@id\":\"https:\/\/nadine-matthies.de\/#website\",\"url\":\"https:\/\/nadine-matthies.de\/\",\"name\":\"Nadine Matthies Coaching f\u00fcr Selbstst\u00e4ndige und Gr\u00fcnder\",\"description\":\"Coaching f\u00fcr Unternehmer, Coaching f\u00fcr Existenzgr\u00fcnder und zur beruflichen Neuorientierung\",\"publisher\":{\"@id\":\"https:\/\/nadine-matthies.de\/#organization\"},\"potentialAction\":[{\"@type\":\"SearchAction\",\"target\":{\"@type\":\"EntryPoint\",\"urlTemplate\":\"https:\/\/nadine-matthies.de\/?s={search_term_string}\"},\"query-input\":{\"@type\":\"PropertyValueSpecification\",\"valueRequired\":true,\"valueName\":\"search_term_string\"}}],\"inLanguage\":\"de\"},{\"@type\":\"Organization\",\"@id\":\"https:\/\/nadine-matthies.de\/#organization\",\"name\":\"Nadine Matthies Coaching f\u00fcr Selbstst\u00e4ndige und Gr\u00fcnder\",\"url\":\"https:\/\/nadine-matthies.de\/\",\"logo\":{\"@type\":\"ImageObject\",\"inLanguage\":\"de\",\"@id\":\"https:\/\/nadine-matthies.de\/#\/schema\/logo\/image\/\",\"url\":\"https:\/\/nadine-matthies.de\/wp-content\/uploads\/2025\/06\/Logo-Nadine-Matthies-Final_anthrazit-HG-weiss.svg\",\"contentUrl\":\"https:\/\/nadine-matthies.de\/wp-content\/uploads\/2025\/06\/Logo-Nadine-Matthies-Final_anthrazit-HG-weiss.svg\",\"width\":515,\"height\":454,\"caption\":\"Nadine Matthies Coaching f\u00fcr Selbstst\u00e4ndige und Gr\u00fcnder\"},\"image\":{\"@id\":\"https:\/\/nadine-matthies.de\/#\/schema\/logo\/image\/\"},\"sameAs\":[\"https:\/\/www.instagram.com\/nadinematthies.coaching\/\"]}]}<\/script>\n<!-- \/ Yoast SEO plugin. -->","yoast_head_json":{"title":"Impressum - Nadine Matthies Coaching","robots":{"index":"index","follow":"follow","max-snippet":"max-snippet:-1","max-image-preview":"max-image-preview:large","max-video-preview":"max-video-preview:-1"},"canonical":"https:\/\/nadine-matthies.de\/index.php\/impressum\/","og_locale":"de_DE","og_type":"article","og_title":"Impressum - Nadine Matthies Coaching","og_description":". Impressum Diensteanbieter Angaben gem\u00e4\u00df \u00a75 TMG Nadine Matthies Coaching Tankenrainer Str. 49a 82362 Weilheim in Oberbayern Deutschland USt-IdNr: DE326165273 Steuernummer: 168\/248\/40540 Kontaktm\u00f6glichkeiten E-Mail-Adresse: coaching@nadine-matthies.de Telefon: 015156371749 Kontaktformular: https:\/\/nadine-matthies.de\/index.php\/kontakt\/ Social Media und andere Onlinepr\u00e4senzen Dieses Impressum gilt auch f\u00fcr die folgenden Social-Media-Pr\u00e4senzen und Onlineprofile: https:\/\/www.instagram.com\/nadinematthies.coaching\/ https:\/\/www.linkedin.com\/in\/nadine-matthies-165a7bb3\/ https:\/\/www.facebook.com\/profile.php?id=100039815482441 Layout \/ Design \/ Umsetzung https:\/\/vierzwo.de\/ Bildnachweise Bildquellen [&hellip;]","og_url":"https:\/\/nadine-matthies.de\/index.php\/impressum\/","og_site_name":"Nadine Matthies Coaching","article_modified_time":"2025-07-09T20:13:38+00:00","og_image":[{"url":"https:\/\/nadine-matthies.de\/wp-content\/uploads\/2025\/06\/Logo-Nadine-Matthies-Final_anthrazit-HG-weiss.svg","type":"","width":"","height":""}],"twitter_card":"summary_large_image","twitter_misc":{"Gesch\u00e4tzte Lesezeit":"1\u00a0Minute"},"schema":{"@context":"https:\/\/schema.org","@graph":[{"@type":"WebPage","@id":"https:\/\/nadine-matthies.de\/index.php\/impressum\/","url":"https:\/\/nadine-matthies.de\/index.php\/impressum\/","name":"Impressum - Nadine Matthies Coaching","isPartOf":{"@id":"https:\/\/nadine-matthies.de\/#website"},"primaryImageOfPage":{"@id":"https:\/\/nadine-matthies.de\/index.php\/impressum\/#primaryimage"},"image":{"@id":"https:\/\/nadine-matthies.de\/index.php\/impressum\/#primaryimage"},"thumbnailUrl":"https:\/\/nadine-matthies.de\/wp-content\/uploads\/2025\/06\/Logo-Nadine-Matthies-Final_anthrazit-HG-weiss.svg","datePublished":"2025-06-04T16:10:34+00:00","dateModified":"2025-07-09T20:13:38+00:00","breadcrumb":{"@id":"https:\/\/nadine-matthies.de\/index.php\/impressum\/#breadcrumb"},"inLanguage":"de","potentialAction":[{"@type":"ReadAction","target":["https:\/\/nadine-matthies.de\/index.php\/impressum\/"]}]},{"@type":"ImageObject","inLanguage":"de","@id":"https:\/\/nadine-matthies.de\/index.php\/impressum\/#primaryimage","url":"https:\/\/nadine-matthies.de\/wp-content\/uploads\/2025\/06\/Logo-Nadine-Matthies-Final_anthrazit-HG-weiss.svg","contentUrl":"https:\/\/nadine-matthies.de\/wp-content\/uploads\/2025\/06\/Logo-Nadine-Matthies-Final_anthrazit-HG-weiss.svg","width":515,"height":454},{"@type":"BreadcrumbList","@id":"https:\/\/nadine-matthies.de\/index.php\/impressum\/#breadcrumb","itemListElement":[{"@type":"ListItem","position":1,"name":"Startseite","item":"https:\/\/nadine-matthies.de\/"},{"@type":"ListItem","position":2,"name":"Impressum"}]},{"@type":"WebSite","@id":"https:\/\/nadine-matthies.de\/#website","url":"https:\/\/nadine-matthies.de\/","name":"Nadine Matthies Coaching f\u00fcr Selbstst\u00e4ndige und Gr\u00fcnder","description":"Coaching f\u00fcr Unternehmer, Coaching f\u00fcr Existenzgr\u00fcnder und zur beruflichen Neuorientierung","publisher":{"@id":"https:\/\/nadine-matthies.de\/#organization"},"potentialAction":[{"@type":"SearchAction","target":{"@type":"EntryPoint","urlTemplate":"https:\/\/nadine-matthies.de\/?s={search_term_string}"},"query-input":{"@type":"PropertyValueSpecification","valueRequired":true,"valueName":"search_term_string"}}],"inLanguage":"de"},{"@type":"Organization","@id":"https:\/\/nadine-matthies.de\/#organization","name":"Nadine Matthies Coaching f\u00fcr Selbstst\u00e4ndige und Gr\u00fcnder","url":"https:\/\/nadine-matthies.de\/","logo":{"@type":"ImageObject","inLanguage":"de","@id":"https:\/\/nadine-matthies.de\/#\/schema\/logo\/image\/","url":"https:\/\/nadine-matthies.de\/wp-content\/uploads\/2025\/06\/Logo-Nadine-Matthies-Final_anthrazit-HG-weiss.svg","contentUrl":"https:\/\/nadine-matthies.de\/wp-content\/uploads\/2025\/06\/Logo-Nadine-Matthies-Final_anthrazit-HG-weiss.svg","width":515,"height":454,"caption":"Nadine Matthies Coaching f\u00fcr Selbstst\u00e4ndige und Gr\u00fcnder"},"image":{"@id":"https:\/\/nadine-matthies.de\/#\/schema\/logo\/image\/"},"sameAs":["https:\/\/www.instagram.com\/nadinematthies.coaching\/"]}]}},"_links":{"self":[{"href":"https:\/\/nadine-matthies.de\/index.php\/wp-json\/wp\/v2\/pages\/211","targetHints":{"allow":["GET"]}}],"collection":[{"href":"https:\/\/nadine-matthies.de\/index.php\/wp-json\/wp\/v2\/pages"}],"about":[{"href":"https:\/\/nadine-matthies.de\/index.php\/wp-json\/wp\/v2\/types\/page"}],"author":[{"embeddable":true,"href":"https:\/\/nadine-matthies.de\/index.php\/wp-json\/wp\/v2\/users\/1"}],"replies":[{"embeddable":true,"href":"https:\/\/nadine-matthies.de\/index.php\/wp-json\/wp\/v2\/comments?post=211"}],"version-history":[{"count":13,"href":"https:\/\/nadine-matthies.de\/index.php\/wp-json\/wp\/v2\/pages\/211\/revisions"}],"predecessor-version":[{"id":461,"href":"https:\/\/nadine-matthies.de\/index.php\/wp-json\/wp\/v2\/pages\/211\/revisions\/461"}],"wp:attachment":[{"href":"https:\/\/nadine-matthies.de\/index.php\/wp-json\/wp\/v2\/media?parent=211"}],"curies":[{"name":"wp","href":"https:\/\/api.w.org\/{rel}","templated":true}]}}